{"id":264,"date":"2018-10-23T08:04:01","date_gmt":"2018-10-23T08:04:01","guid":{"rendered":"https:\/\/futuriodemos.com\/default-demo\/?page_id=31"},"modified":"2025-05-26T14:56:32","modified_gmt":"2025-05-26T13:56:32","slug":"home","status":"publish","type":"page","link":"https:\/\/benpetrol.ma\/","title":{"rendered":"Home"},"content":{"rendered":"<h2>\n<p>Distribution et la Commercialisation des hydrocarbures et des lubrifiants<\/p>\n<\/h2>\n<p>\t\t\t\t<a href=\"https:\/\/benpetrol.ma\/\" tabindex=\"-1\"><br \/>\n\t\t\t\t<svg aria-hidden=\"true\" viewBox=\"0 0 512 512\" xmlns=\"http:\/\/www.w3.org\/2000\/svg\"><path d=\"M336 448H16c-8.8 0-16 7.2-16 16v32c0 8.8 7.2 16 16 16h320c8.8 0 16-7.2 16-16v-32c0-8.8-7.2-16-16-16zm157.2-340.7l-81-81c-6.2-6.2-16.4-6.2-22.6 0l-11.3 11.3c-6.2 6.2-6.2 16.4 0 22.6L416 97.9V160c0 28.1 20.9 51.3 48 55.2V376c0 13.2-10.8 24-24 24s-24-10.8-24-24v-32c0-48.6-39.4-88-88-88h-8V64c0-35.3-28.7-64-64-64H96C60.7 0 32 28.7 32 64v352h288V304h8c22.1 0 40 17.9 40 40v27.8c0 37.7 27 72 64.5 75.9 43 4.3 79.5-29.5 79.5-71.7V152.6c0-17-6.8-33.3-18.8-45.3zM256 192H96V64h160v128z\"><\/path><\/svg>\t\t\t\t<\/a><\/p>\n<h3>\n\t\t\t\t\t\t<a href=\"https:\/\/benpetrol.ma\/\" ><\/p>\n<p>LA QUALITE<br \/>\n\t\t\t\t\t\t<\/a><br \/>\n\t\t\t\t\t<\/h3>\n<p>\n\t\t\t\t\t\tBEN PETROL place la qualit\u00e9 au c\u0153ur de ses priorit\u00e9s. Que ce soit au niveau de l\u2019organisation des m\u00e9tiers ou de la gestion des ressources humaines et des produits et services, la recherche continue de la qualit\u00e9 demeure le ma\u00eetre-mot.\t\t\t\t\t<\/p>\n<p>\t\t\t\t<a href=\"https:\/\/benpetrol.ma\/\" tabindex=\"-1\"><br \/>\n\t\t\t\t<svg aria-hidden=\"true\" viewBox=\"0 0 640 512\" xmlns=\"http:\/\/www.w3.org\/2000\/svg\"><path d=\"M204.8 230.4c-10.6-14.1-30.7-17-44.8-6.4-14.1 10.6-17 30.7-6.4 44.8l38.1 50.8c4.8 6.4 4.1 15.3-1.5 20.9l-12.8 12.8c-6.7 6.7-17.6 6.2-23.6-1.1L64 244.4V96c0-17.7-14.3-32-32-32S0 78.3 0 96v218.4c0 10.9 3.7 21.5 10.5 30l104.1 134.3c5 6.5 8.4 13.9 10.4 21.7 1.8 6.9 8.1 11.6 15.3 11.6H272c8.8 0 16-7.2 16-16V384c0-27.7-9-54.6-25.6-76.8l-57.6-76.8zM608 64c-17.7 0-32 14.3-32 32v148.4l-89.8 107.8c-6 7.2-17 7.7-23.6 1.1l-12.8-12.8c-5.6-5.6-6.3-14.5-1.5-20.9l38.1-50.8c10.6-14.1 7.7-34.2-6.4-44.8-14.1-10.6-34.2-7.7-44.8 6.4l-57.6 76.8C361 329.4 352 356.3 352 384v112c0 8.8 7.2 16 16 16h131.7c7.1 0 13.5-4.7 15.3-11.6 2-7.8 5.4-15.2 10.4-21.7l104.1-134.3c6.8-8.5 10.5-19.1 10.5-30V96c0-17.7-14.3-32-32-32z\"><\/path><\/svg>\t\t\t\t<\/a><\/p>\n<h3>\n\t\t\t\t\t\t<a href=\"https:\/\/benpetrol.ma\/\" ><br \/>\n\t\t\t\t\t\t\tLA DISTRIBUTION ET LA COMMERCIALIATION\t\t\t\t\t\t<\/a><br \/>\n\t\t\t\t\t<\/h3>\n<p>\n\t\t\t\t\t\tLa distribution et la commercialisation des hydrocarbures et des lubrifiants sont des activit\u00e9s cl\u00e9s dans l&rsquo;industrie p\u00e9troli\u00e8re. Les hydrocarbures, tels que l&rsquo;essence, le diesel, le fuel et le gaz naturel sont utilis\u00e9s dans le transport et l&rsquo;industrie. Les lubrifiants, quant \u00e0 eux, sont des produits utilis\u00e9s pour r\u00e9duire l&rsquo;usure et la friction des machines&nbsp;et&nbsp;des&nbsp;moteurs.\t\t\t\t\t<\/p>\n<p>\t\t\t\t<svg aria-hidden=\"true\" viewBox=\"0 0 512 512\" xmlns=\"http:\/\/www.w3.org\/2000\/svg\"><path d=\"M512 0C460.22 3.56 96.44 38.2 71.01 287.61c-3.09 26.66-4.84 53.44-5.99 80.24l178.87-178.69c6.25-6.25 16.4-6.25 22.65 0s6.25 16.38 0 22.63L7.04 471.03c-9.38 9.37-9.38 24.57 0 33.94 9.38 9.37 24.59 9.37 33.98 0l57.13-57.07c42.09-.14 84.15-2.53 125.96-7.36 53.48-5.44 97.02-26.47 132.58-56.54H255.74l146.79-48.88c11.25-14.89 21.37-30.71 30.45-47.12h-81.14l106.54-53.21C500.29 132.86 510.19 26.26 512 0z\"><\/path><\/svg>\t\t\t\t<\/p>\n<h3>\n\t\t\t\t\t\t\tRESPECT DE L&rsquo;ENVIRONNEMENT<br \/>\n\t\t\t\t\t<\/h3>\n<p>\n\t\t\t\t\t\tQualit\u00e9, s\u00e9curit\u00e9 et respect de l\u2019environnement sont les maitres-mots au sein des stations-services BEN PETROL. Ce qui se traduit aussi bien au niveau des proc\u00e9dures mises en place que par l\u2019adoption d\u2019\u00e9quipements innovants.\t\t\t\t\t<\/p>\n<h2>\n<p>BEN PETROL<\/p>\n<\/h2>\n<h3 data-speed=\"110\" data-delay=\"2500\" data-loop=\"1\">\n                    NOS VALEURS<br \/>\n                <\/h3>\n<p>Nos valeurs fondamentales sont l&rsquo;honn\u00eatet\u00e9, l&rsquo;int\u00e9grit\u00e9 et le respect de nos partenaires. Elles sous-tendent tout le travail que nous faisons et constituent la base de notre soci\u00e9t\u00e9. Nous d\u00e9fendons ces valeurs dans tout ce que nous faisons. En effet, elles sont essentielles \u00e0 notre succ\u00e8s et \u00e0 notre croissance en tant que soci\u00e9t\u00e9.<\/p>\n<p>\t\t\t\t\t<a href=\"#features\"><br \/>\n\t\t\t\t\t\t\t\t\tSee More<br \/>\n\t\t\t\t\t<\/a><\/p>\n<p>Les stations-services BENPETROL\u00a0 vous proposent<\/p>\n<p>\u00a0<\/p>\n<p>de b\u00e9n\u00e9ficier d\u2019une large palette de services.<\/p>\n<p>\t\t\t\t\t<a href=\"https:\/\/benpetrol.ma\/index.php\/services\/\"><br \/>\n\t\t\t\t\t\t\t\t\tSee More<br \/>\n\t\t\t\t\t<\/a><\/p>\n<p><img decoding=\"async\" src=\"https:\/\/benpetrol.ma\/wp-content\/uploads\/2024\/10\/Plaque-BP-300x300.png\" alt=\"\" width=\"79\" height=\"79\" \/><\/p>\n<p>\u00a0<\/p>\n<p>\u00a0<\/p>\n<p>\u00a0<\/p>\n<p>MAITRISE DE LA CHAINE DE<\/p>\n<p>\u00a0<\/p>\n<p>\u00a0<\/p>\n<p>VALEUR DES HYDROCARBURES<\/p>\n<h3>\u00a0<\/h3>\n<p>LUBRIFIANTS BEN PETROL\u00a0<\/p>\n<h3>\u00a0<\/h3>\n<h3>\n<p>UNE EXPERTISE RECONNUE PAR LES GRANDS CONSTRUCTEURS<\/p>\n<\/h3>\n<h2>\n<p>BEN PETROL<\/p>\n<\/h2>\n<h2>\n<p>nos meilleurs<\/p>\n<\/h2>\n<figure><img fetchpriority=\"high\" decoding=\"async\" width=\"487\" height=\"512\" src=\"https:\/\/benpetrol.ma\/wp-content\/uploads\/2023\/05\/185-1859950_hit-mission-icon-png-transparent-png-removebg-preview.png\" alt=\"\" \/><\/figure>\n<h3>MISSION ET OBJECTIFS<\/h3>\n<p>La motivation des \u00e9quipes, le go\u00fbt du vivre, de travailler et de gagner ensemble, en vue de la satisfaction permanente du client, du respect de notre environnement et de la construction d\u2019un avenir positif et solidaire.<\/p>\n<figure><img decoding=\"async\" width=\"500\" height=\"500\" src=\"https:\/\/benpetrol.ma\/wp-content\/uploads\/2024\/10\/Plaque-BP.png\" alt=\"\" \/><\/figure>\n<h3>BEN PETROL<\/h3>\n<p>BEN PETROL Cr\u00e9\u00e9e en 2021, notre soci\u00e9t\u00e9 est sp\u00e9cialis\u00e9e dans la distribution et la commercialisation des hydrocarbures et des lubrifiants.<\/p>\n<figure><img loading=\"lazy\" decoding=\"async\" width=\"150\" height=\"150\" src=\"https:\/\/benpetrol.ma\/wp-content\/uploads\/2023\/05\/png-clipart-telephone-distributeur-de-carburant-essence-station-de-remplissage-pompes-a-materiel-pompe-a-carburant-point-de-vente-carburant-diesel-removebg-preview-1-150x150.png\" alt=\"\" \/><\/figure>\n<h3>LA QUALITE BEN PETROL<\/h3>\n<p>BEN PETROL place la qualit\u00e9 au c\u0153ur de ses priorit\u00e9s. Que ce soit au niveau de l\u2019organisation des m\u00e9tiers ou de la gestion des ressources humaines et des produits et services, la recherche continue de la qualit\u00e9 demeure le ma\u00eetre-mot.<\/p>\n<figure><img loading=\"lazy\" decoding=\"async\" width=\"85\" height=\"85\" src=\"https:\/\/benpetrol.ma\/wp-content\/uploads\/2023\/05\/Capture_d_ecran_2023-05-03_204256-removebg-preview.png\" alt=\"\" \/><\/figure>\n<h3>Entretien et lavage de v\u00e9hicules<\/h3>\n<p>Les stations BEN PETROL vous proposent un service d\u2019entretien et lavage professionnel de qualit\u00e9, qui rendra \u00e0 votre v\u00e9hicule tout son lustre et son \u00e9clat.<\/p>\n<p>\t\t\t\t\t\t\t\t\t\t\t\t\t\t\t<img loading=\"lazy\" decoding=\"async\" width=\"300\" height=\"251\" src=\"https:\/\/benpetrol.ma\/wp-content\/uploads\/2024\/04\/Design-sans-titre-300x251.png\" alt=\"\" srcset=\"https:\/\/benpetrol.ma\/wp-content\/uploads\/2024\/04\/Design-sans-titre-300x251.png 300w, https:\/\/benpetrol.ma\/wp-content\/uploads\/2024\/04\/Design-sans-titre-768x644.png 768w, https:\/\/benpetrol.ma\/wp-content\/uploads\/2024\/04\/Design-sans-titre.png 940w\" sizes=\"(max-width: 300px) 100vw, 300px\" \/>\t\t\t\t\t\t\t\t\t\t\t\t\t\t\t<\/p>\n<figure><img loading=\"lazy\" decoding=\"async\" width=\"500\" height=\"500\" src=\"https:\/\/benpetrol.ma\/wp-content\/uploads\/2023\/05\/pngtree-fuel-tanker-truck-icon-simple-style-png-image_1894933-removebg-preview.png\" alt=\"\" \/><\/figure>\n<h3>PLUS QUE DES STATIONS-SERVICES<\/h3>\n<p>\nLes stations-services BEN PETROL vous proposent de b\u00e9n\u00e9ficier d\u2019une large palette de services. De plus, nos stations ont \u00e9t\u00e9 con\u00e7ues afin de permettre \u00e0 nos clients de vivre une exp\u00e9rience agr\u00e9able, gr\u00e2ce \u00e0 la qualit\u00e9 et \u00e0 la convivialit\u00e9 des installations et services mis \u00e0 leur disponibilit\u00e9.<\/p>\n<figure><img loading=\"lazy\" decoding=\"async\" width=\"102\" height=\"91\" src=\"https:\/\/benpetrol.ma\/wp-content\/uploads\/2023\/05\/Capture_d_ecran_2023-05-03_204305-removebg-preview.png\" alt=\"\" \/><\/figure>\n<h3>Vidange et pneumatiques<\/h3>\n<p>La vidange est une \u00e9tape indispensable au bon fonctionnement de votre v\u00e9hicule. Cette prestation est ex\u00e9cut\u00e9e avec le plus grand soin au sein des stations BEN PETROL, accompagn\u00e9e de plusieurs services et contr\u00f4les \u2013 \u00e0 l\u2019instar de l\u2019inspection des pneumatiques.<\/p>\n<figure><img loading=\"lazy\" decoding=\"async\" width=\"360\" height=\"360\" src=\"https:\/\/benpetrol.ma\/wp-content\/uploads\/2023\/05\/png-transparent-computer-icons-turnkey-management-solution-miscellaneous-text-hand-thumbnail-removebg-preview.png\" alt=\"\" \/><\/figure>\n<h3>SOLUTIONS B2B<\/h3>\n<p>Un partenaire de r\u00e9f\u00e9rence de divers secteurs \u00e9conomiques<\/p>\n<figure><img loading=\"lazy\" decoding=\"async\" width=\"115\" height=\"97\" src=\"https:\/\/benpetrol.ma\/wp-content\/uploads\/2023\/05\/Capture_d_ecran_2023-05-03_204334-removebg-preview.png\" alt=\"\" \/><\/figure>\n<h3>Caf\u00e9s et aires de jeu<\/h3>\n<p>Envie de vous reposer avant de reprendre la route ? Au sein des stations-services BEN PETROL vous pouvez tranquillement d\u00e9guster un caf\u00e9 ou un th\u00e9, dans un cadre propice \u00e0 la d\u00e9tente. Les petits appr\u00e9cieront particuli\u00e8rement les aires ludiques am\u00e9nag\u00e9es au sein des stations, o\u00f9 ils pourront jouer en toute s\u00e9curit\u00e9.<\/p>\n<p>\t\t\t\t\t<a href=\"#contact\" target=\"_blank\"><br \/>\n\t\t\t\t\t\t\t\t\tContact us<br \/>\n\t\t\t\t\t<\/a><\/p>\n<h3>AUTOMOBILISTES<\/h3>\n<p>Profitez pleinement de la conduite : soyez inspir\u00e9s, d\u00e9couvrez et apprenez comment profiter des meilleures performances de votre v\u00e9hicule avec BENPETROL.<\/p>\n<p>\t\t\t<iframe loading=\"lazy\"\n\t\t\t\t\tsrc=\"https:\/\/maps.google.com\/maps?q=ben%20petrol&#038;t=m&#038;z=18&#038;output=embed&#038;iwloc=near\"\n\t\t\t\t\ttitle=\"ben petrol\"\n\t\t\t\t\taria-label=\"ben petrol\"\n\t\t\t><\/iframe><\/p>\n<h4>Rester en contact<\/h4>\n<p>\t\t\t\t\tlocalisation\t\t\t\t<\/p>\n<p>42 Av. des FAR, Casablanca<\/p>\n<p>Maroc<\/p>\n<p>\t\t\t\t\tCONTACTEZ-NOUS\t\t\t\t<\/p>\n<p>Phone : +212 661 364 741 \/ +212 661 917 151<\/p>\n<p>Email : contact@benpetrol.ma<\/p>\n<p>\t\t\t\t\tNOS HORAIRES\t\t\t\t<\/p>\n<p>LUNDI &#8211; VENDREDI 09:00 &#8211; 18:00<\/p>\n<p>\t\t\t\t\tRester Connecter<br \/>\n\t\t\t\t\t<a href=\"https:\/\/chat.whatsapp.com\/Br7eqFW3B4TFv1vOtXBAX9\" target=\"_blank\"><br \/>\n\t\t\t\t\t\tWhatsapp<br \/>\n\t\t\t\t\t\t<svg viewBox=\"0 0 448 512\" xmlns=\"http:\/\/www.w3.org\/2000\/svg\"><path d=\"M380.9 97.1C339 55.1 283.2 32 223.9 32c-122.4 0-222 99.6-222 222 0 39.1 10.2 77.3 29.6 111L0 480l117.7-30.9c32.4 17.7 68.9 27 106.1 27h.1c122.3 0 224.1-99.6 224.1-222 0-59.3-25.2-115-67.1-157zm-157 341.6c-33.2 0-65.7-8.9-94-25.7l-6.7-4-69.8 18.3L72 359.2l-4.4-7c-18.5-29.4-28.2-63.3-28.2-98.2 0-101.7 82.8-184.5 184.6-184.5 49.3 0 95.6 19.2 130.4 54.1 34.8 34.9 56.2 81.2 56.1 130.5 0 101.8-84.9 184.6-186.6 184.6zm101.2-138.2c-5.5-2.8-32.8-16.2-37.9-18-5.1-1.9-8.8-2.8-12.5 2.8-3.7 5.6-14.3 18-17.6 21.8-3.2 3.7-6.5 4.2-12 1.4-32.6-16.3-54-29.1-75.5-66-5.7-9.8 5.7-9.1 16.3-30.3 1.8-3.7.9-6.9-.5-9.7-1.4-2.8-12.5-30.1-17.1-41.2-4.5-10.8-9.1-9.3-12.5-9.5-3.2-.2-6.9-.2-10.6-.2-3.7 0-9.7 1.4-14.8 6.9-5.1 5.6-19.4 19-19.4 46.3 0 27.3 19.9 53.7 22.6 57.4 2.8 3.7 39.1 59.7 94.8 83.8 35.2 15.2 49 16.5 66.6 13.9 10.7-1.6 32.8-13.4 37.4-26.4 4.6-13 4.6-24.1 3.2-26.4-1.3-2.5-5-3.9-10.5-6.6z\"><\/path><\/svg>\t\t\t\t\t<\/a><br \/>\n\t\t\t\t\t<a target=\"_blank\"><br \/>\n\t\t\t\t\t\tInstagram<br \/>\n\t\t\t\t\t\t<svg viewBox=\"0 0 448 512\" xmlns=\"http:\/\/www.w3.org\/2000\/svg\"><path d=\"M224.1 141c-63.6 0-114.9 51.3-114.9 114.9s51.3 114.9 114.9 114.9S339 319.5 339 255.9 287.7 141 224.1 141zm0 189.6c-41.1 0-74.7-33.5-74.7-74.7s33.5-74.7 74.7-74.7 74.7 33.5 74.7 74.7-33.6 74.7-74.7 74.7zm146.4-194.3c0 14.9-12 26.8-26.8 26.8-14.9 0-26.8-12-26.8-26.8s12-26.8 26.8-26.8 26.8 12 26.8 26.8zm76.1 27.2c-1.7-35.9-9.9-67.7-36.2-93.9-26.2-26.2-58-34.4-93.9-36.2-37-2.1-147.9-2.1-184.9 0-35.8 1.7-67.6 9.9-93.9 36.1s-34.4 58-36.2 93.9c-2.1 37-2.1 147.9 0 184.9 1.7 35.9 9.9 67.7 36.2 93.9s58 34.4 93.9 36.2c37 2.1 147.9 2.1 184.9 0 35.9-1.7 67.7-9.9 93.9-36.2 26.2-26.2 34.4-58 36.2-93.9 2.1-37 2.1-147.8 0-184.8zM398.8 388c-7.8 19.6-22.9 34.7-42.6 42.6-29.5 11.7-99.5 9-132.1 9s-102.7 2.6-132.1-9c-19.6-7.8-34.7-22.9-42.6-42.6-11.7-29.5-9-99.5-9-132.1s-2.6-102.7 9-132.1c7.8-19.6 22.9-34.7 42.6-42.6 29.5-11.7 99.5-9 132.1-9s102.7-2.6 132.1 9c19.6 7.8 34.7 22.9 42.6 42.6 11.7 29.5 9 99.5 9 132.1s2.7 102.7-9 132.1z\"><\/path><\/svg>\t\t\t\t\t<\/a><br \/>\n\t\t\t\t\t<a href=\"https:\/\/benpetrol.ma\" target=\"_blank\"><br \/>\n\t\t\t\t\t\tRss<br \/>\n\t\t\t\t\t\t<svg viewBox=\"0 0 448 512\" xmlns=\"http:\/\/www.w3.org\/2000\/svg\"><path d=\"M128.081 415.959c0 35.369-28.672 64.041-64.041 64.041S0 451.328 0 415.959s28.672-64.041 64.041-64.041 64.04 28.673 64.04 64.041zm175.66 47.25c-8.354-154.6-132.185-278.587-286.95-286.95C7.656 175.765 0 183.105 0 192.253v48.069c0 8.415 6.49 15.472 14.887 16.018 111.832 7.284 201.473 96.702 208.772 208.772.547 8.397 7.604 14.887 16.018 14.887h48.069c9.149.001 16.489-7.655 15.995-16.79zm144.249.288C439.596 229.677 251.465 40.445 16.503 32.01 7.473 31.686 0 38.981 0 48.016v48.068c0 8.625 6.835 15.645 15.453 15.999 191.179 7.839 344.627 161.316 352.465 352.465.353 8.618 7.373 15.453 15.999 15.453h48.068c9.034-.001 16.329-7.474 16.005-16.504z\"><\/path><\/svg>\t\t\t\t\t<\/a><\/p>\n","protected":false},"excerpt":{"rendered":"<p>Distribution et la Commercialisation des hydrocarbures et des lubrifiants LA QUALITE BEN PETROL place la qualit\u00e9 au c\u0153ur de ses priorit\u00e9s. Que ce soit au niveau de l\u2019organisation des m\u00e9tiers ou de la gestion des ressources humaines et des produits et services, la recherche continue de la qualit\u00e9 demeure le ma\u00eetre-mot. LA DISTRIBUTION ET LA&hellip;<\/p>\n","protected":false},"author":1,"featured_media":0,"parent":0,"menu_order":0,"comment_status":"closed","ping_status":"closed","template":"","meta":{"_uag_custom_page_level_css":"","footnotes":""},"class_list":["post-264","page","type-page","status-publish","hentry"],"uagb_featured_image_src":{"full":false,"thumbnail":false,"medium":false,"medium_large":false,"large":false,"1536x1536":false,"2048x2048":false,"post-thumbnail":false,"futurio-single":false,"futurio-med":false,"futurio-thumbnail":false},"uagb_author_info":{"display_name":"admin","author_link":"https:\/\/benpetrol.ma\/index.php\/author\/admin\/"},"uagb_comment_info":0,"uagb_excerpt":"Distribution et la Commercialisation des hydrocarbures et des lubrifiants LA QUALITE BEN PETROL place la qualit\u00e9 au c\u0153ur de ses priorit\u00e9s. Que ce soit au niveau de l\u2019organisation des m\u00e9tiers ou de la gestion des ressources humaines et des produits et services, la recherche continue de la qualit\u00e9 demeure le ma\u00eetre-mot. LA DISTRIBUTION ET LA&hellip;","_links":{"self":[{"href":"https:\/\/benpetrol.ma\/index.php\/wp-json\/wp\/v2\/pages\/264","targetHints":{"allow":["GET"]}}],"collection":[{"href":"https:\/\/benpetrol.ma\/index.php\/wp-json\/wp\/v2\/pages"}],"about":[{"href":"https:\/\/benpetrol.ma\/index.php\/wp-json\/wp\/v2\/types\/page"}],"author":[{"embeddable":true,"href":"https:\/\/benpetrol.ma\/index.php\/wp-json\/wp\/v2\/users\/1"}],"replies":[{"embeddable":true,"href":"https:\/\/benpetrol.ma\/index.php\/wp-json\/wp\/v2\/comments?post=264"}],"version-history":[{"count":140,"href":"https:\/\/benpetrol.ma\/index.php\/wp-json\/wp\/v2\/pages\/264\/revisions"}],"predecessor-version":[{"id":1641,"href":"https:\/\/benpetrol.ma\/index.php\/wp-json\/wp\/v2\/pages\/264\/revisions\/1641"}],"wp:attachment":[{"href":"https:\/\/benpetrol.ma\/index.php\/wp-json\/wp\/v2\/media?parent=264"}],"curies":[{"name":"wp","href":"https:\/\/api.w.org\/{rel}","templated":true}]}}