{"id":3,"date":"2023-05-03T13:27:23","date_gmt":"2023-05-03T13:27:23","guid":{"rendered":"https:\/\/benpetrol.ma\/?page_id=3"},"modified":"2023-05-04T22:37:34","modified_gmt":"2023-05-04T22:37:34","slug":"privacy-policy","status":"publish","type":"page","link":"https:\/\/benpetrol.ma\/index.php\/privacy-policy\/","title":{"rendered":"Privacy Policy"},"content":{"rendered":"\n<h2 class=\"wp-block-heading\">Who we are<\/h2>\n\n\n\n<p><strong class=\"privacy-policy-tutorial\"> <\/strong>Our website address is: https:\/\/benpetrol.ma<\/p>\n\n\n\n<h2 class=\"wp-block-heading\"><\/h2>\n\n\n\n<h2 class=\"wp-block-heading\">Conditions g\u00e9n\u00e9rales d\u2019utilisation du site :<\/h2>\n\n\n\n<h2 class=\"wp-block-heading\">1.&nbsp;&nbsp;&nbsp; Pr\u00e9ambule<\/h2>\n\n\n\n<p>BENPETROL Marketing Maroc (ci-apr\u00e8s la \u00ab&nbsp;Soci\u00e9t\u00e9 Editrice&nbsp;\u00bb) a mis en ligne le pr\u00e9sent site internet (ci-apr\u00e8s le \u00ab&nbsp;Site&nbsp;\u00bb) afin de vous pr\u00e9senter ses produits et services ainsi que des informations et recommandations li\u00e9es \u00e0 votre activit\u00e9 ou \u00e0 vos centres d&rsquo;int\u00e9r\u00eat. L&rsquo;utilisation du Site implique que vous acceptiez d&rsquo;\u00eatre li\u00e9 par les termes des conditions g\u00e9n\u00e9rales suivantes et de respecter l&rsquo;ensemble des lois applicables. Les soci\u00e9t\u00e9s de la compagnie BENPETROL \u00e0 laquelle appartient la Soci\u00e9t\u00e9 Editrice du Site et ses filiales ont leur propre existence l\u00e9gale et disposent d&rsquo;une personnalit\u00e9 juridique autonome. Toutefois, dans ce Site, les termes \u00ab BENPETROL \u00bb, \u00ab Compagnie&nbsp;\u00bb ou \u00ab nous \u00bb, sont utilis\u00e9s pour d\u00e9signer la Soci\u00e9t\u00e9 Editrice du Site ou ses filiales.<\/p>\n\n\n\n<h2 class=\"wp-block-heading\">2.&nbsp;&nbsp;&nbsp;Informations sur les produits et services<\/h2>\n\n\n\n<p>Les produits et services qui vous sont pr\u00e9sent\u00e9s ne constituent pas une offre de vente, mais une pr\u00e9sentation g\u00e9n\u00e9rale de la gamme des produits et services distribu\u00e9s par la Soci\u00e9t\u00e9 Editrice du Site ou ses filiales. En cons\u00e9quence, l&rsquo;ensemble de ces produits et services sont uniquement disponibles au Maroc. Pour savoir s&rsquo;ils sont distribu\u00e9s en dehors de ce pays nous vous invitons \u00e0 contacter la filiale ou l&rsquo;entit\u00e9 affili\u00e9e de la Soci\u00e9t\u00e9 Editrice du Site dans le pays concern\u00e9. En aucun cas, la Soci\u00e9t\u00e9 Editrice du Site ou ses filiales et entit\u00e9s affili\u00e9es ne s&rsquo;engagent \u00e0 mettre \u00e0 jour ou \u00e0 corriger les informations qui seront diffus\u00e9es sur Internet ou sur leurs serveurs web. De m\u00eame, la Soci\u00e9t\u00e9 Editrice du Site ou ses filiales se r\u00e9servent le droit de modifier ou de corriger les informations contenues dans ce Site, concernant les produits et services et ce, \u00e0 tout moment et sans pr\u00e9avis. Ces informations, notamment les fiches s\u00e9curit\u00e9 des produits, sont fournies sans garantie d&rsquo;ad\u00e9quation \u00e0 un besoin particulier d&rsquo;utilisation.<\/p>\n\n\n\n<h2 class=\"wp-block-heading\">3.&nbsp;&nbsp;&nbsp; R\u00e9seau commercial<\/h2>\n\n\n\n<p>Les produits et services pr\u00e9sent\u00e9s dans ce Site sont distribu\u00e9s par un r\u00e9seau de distributeurs filiales de la Soci\u00e9t\u00e9 Editrice du Site ou par des distributeurs ind\u00e9pendants. Dans tous les cas, ces distributeurs sont des soci\u00e9t\u00e9s qui ont leur propre personnalit\u00e9 morale et qui agissent pour leur propre compte, sans qu&rsquo;il existe aucune solidarit\u00e9 entre elles. En cons\u00e9quence, lorsque vous acc\u00e9dez aux informations, produits et services propos\u00e9s par ces distributeurs via un lien hypertexte, ces derniers sont enti\u00e8rement responsables des informations contenues dans le<\/p>\n\n\n\n<p>An anonymized string created from your email address (also called a hash) may be provided to the Gravatar service to see if you are using it. The Gravatar service privacy policy is available here: https:\/\/automattic.com\/privacy\/. After approval of your comment, your profile picture is visible to the public in the context of your comment.<\/p>\n\n\n\n<h2 class=\"wp-block-heading\">Media<\/h2>\n\n\n\n<p><strong class=\"privacy-policy-tutorial\">Suggested text: <\/strong>If you upload images to the website, you should avoid uploading images with embedded location data (EXIF GPS) included. Visitors to the website can download and extract any location data from images on the website.<\/p>\n\n\n\n<h2 class=\"wp-block-heading\">Cookies<\/h2>\n\n\n\n<p><strong class=\"privacy-policy-tutorial\">Suggested text: <\/strong>If you leave a comment on our site you may opt-in to saving your name, email address and website in cookies. These are for your convenience so that you do not have to fill in your details again when you leave another comment. These cookies will last for one year.<\/p>\n\n\n\n<p>If you visit our login page, we will set a temporary cookie to determine if your browser accepts cookies. This cookie contains no personal data and is discarded when you close your browser.<\/p>\n\n\n\n<p>When you log in, we will also set up several cookies to save your login information and your screen display choices. Login cookies last for two days, and screen options cookies last for a year. If you select \u00ab\u00a0Remember Me\u00a0\u00bb, your login will persist for two weeks. If you log out of your account, the login cookies will be removed.<\/p>\n\n\n\n<p>If you edit or publish an article, an additional cookie will be saved in your browser. This cookie includes no personal data and simply indicates the post ID of the article you just edited. It expires after 1 day.<\/p>\n\n\n\n<h2 class=\"wp-block-heading\">Embedded content from other websites<\/h2>\n\n\n\n<p><strong class=\"privacy-policy-tutorial\">Suggested text: <\/strong>Articles on this site may include embedded content (e.g. videos, images, articles, etc.). Embedded content from other websites behaves in the exact same way as if the visitor has visited the other website.<\/p>\n\n\n\n<p>These websites may collect data about you, use cookies, embed additional third-party tracking, and monitor your interaction with that embedded content, including tracking your interaction with the embedded content if you have an account and are logged in to that website.<\/p>\n\n\n\n<h2 class=\"wp-block-heading\">Who we share your data with<\/h2>\n\n\n\n<p><strong class=\"privacy-policy-tutorial\">Suggested text: <\/strong>If you request a password reset, your IP address will be included in the reset email.<\/p>\n\n\n\n<h2 class=\"wp-block-heading\"><\/h2>\n\n\n\n<h2 class=\"wp-block-heading\"><\/h2>\n\n\n\n<h2 class=\"wp-block-heading\"><\/h2>\n\n\n\n<p><\/p>\n","protected":false},"excerpt":{"rendered":"<p>Who we are Our website address is: https:\/\/benpetrol.ma Conditions g\u00e9n\u00e9rales d\u2019utilisation du site : 1.&nbsp;&nbsp;&nbsp; Pr\u00e9ambule BENPETROL Marketing Maroc (ci-apr\u00e8s la \u00ab&nbsp;Soci\u00e9t\u00e9 Editrice&nbsp;\u00bb) a mis en ligne le pr\u00e9sent site internet (ci-apr\u00e8s le \u00ab&nbsp;Site&nbsp;\u00bb) afin de vous pr\u00e9senter ses produits et services ainsi que des informations et recommandations li\u00e9es \u00e0 votre activit\u00e9 ou \u00e0 vos&hellip;<\/p>\n","protected":false},"author":1,"featured_media":304,"parent":0,"menu_order":0,"comment_status":"closed","ping_status":"closed","template":"","meta":{"_uag_custom_page_level_css":"","footnotes":""},"class_list":["post-3","page","type-page","status-publish","has-post-thumbnail","hentry"],"uagb_featured_image_src":{"full":["https:\/\/benpetrol.ma\/wp-content\/uploads\/2023\/05\/cropped-cropped-Image1-1.png",1053,246,false],"thumbnail":["https:\/\/benpetrol.ma\/wp-content\/uploads\/2023\/05\/cropped-cropped-Image1-1-150x150.png",150,150,true],"medium":["https:\/\/benpetrol.ma\/wp-content\/uploads\/2023\/05\/cropped-cropped-Image1-1-300x70.png",300,70,true],"medium_large":["https:\/\/benpetrol.ma\/wp-content\/uploads\/2023\/05\/cropped-cropped-Image1-1-768x179.png",768,179,true],"large":["https:\/\/benpetrol.ma\/wp-content\/uploads\/2023\/05\/cropped-cropped-Image1-1-1024x239.png",1024,239,true],"1536x1536":["https:\/\/benpetrol.ma\/wp-content\/uploads\/2023\/05\/cropped-cropped-Image1-1.png",1053,246,false],"2048x2048":["https:\/\/benpetrol.ma\/wp-content\/uploads\/2023\/05\/cropped-cropped-Image1-1.png",1053,246,false],"post-thumbnail":["https:\/\/benpetrol.ma\/wp-content\/uploads\/2023\/05\/cropped-cropped-Image1-1.png",300,70,false],"futurio-single":["https:\/\/benpetrol.ma\/wp-content\/uploads\/2023\/05\/cropped-cropped-Image1-1.png",1053,246,false],"futurio-med":["https:\/\/benpetrol.ma\/wp-content\/uploads\/2023\/05\/cropped-cropped-Image1-1.png",720,168,false],"futurio-thumbnail":["https:\/\/benpetrol.ma\/wp-content\/uploads\/2023\/05\/cropped-cropped-Image1-1.png",160,37,false]},"uagb_author_info":{"display_name":"admin","author_link":"https:\/\/benpetrol.ma\/index.php\/author\/admin\/"},"uagb_comment_info":0,"uagb_excerpt":"Who we are Our website address is: https:\/\/benpetrol.ma Conditions g\u00e9n\u00e9rales d\u2019utilisation du site : 1.&nbsp;&nbsp;&nbsp; Pr\u00e9ambule BENPETROL Marketing Maroc (ci-apr\u00e8s la \u00ab&nbsp;Soci\u00e9t\u00e9 Editrice&nbsp;\u00bb) a mis en ligne le pr\u00e9sent site internet (ci-apr\u00e8s le \u00ab&nbsp;Site&nbsp;\u00bb) afin de vous pr\u00e9senter ses produits et services ainsi que des informations et recommandations li\u00e9es \u00e0 votre activit\u00e9 ou \u00e0 vos&hellip;","_links":{"self":[{"href":"https:\/\/benpetrol.ma\/index.php\/wp-json\/wp\/v2\/pages\/3","targetHints":{"allow":["GET"]}}],"collection":[{"href":"https:\/\/benpetrol.ma\/index.php\/wp-json\/wp\/v2\/pages"}],"about":[{"href":"https:\/\/benpetrol.ma\/index.php\/wp-json\/wp\/v2\/types\/page"}],"author":[{"embeddable":true,"href":"https:\/\/benpetrol.ma\/index.php\/wp-json\/wp\/v2\/users\/1"}],"replies":[{"embeddable":true,"href":"https:\/\/benpetrol.ma\/index.php\/wp-json\/wp\/v2\/comments?post=3"}],"version-history":[{"count":2,"href":"https:\/\/benpetrol.ma\/index.php\/wp-json\/wp\/v2\/pages\/3\/revisions"}],"predecessor-version":[{"id":1466,"href":"https:\/\/benpetrol.ma\/index.php\/wp-json\/wp\/v2\/pages\/3\/revisions\/1466"}],"wp:featuredmedia":[{"embeddable":true,"href":"https:\/\/benpetrol.ma\/index.php\/wp-json\/wp\/v2\/media\/304"}],"wp:attachment":[{"href":"https:\/\/benpetrol.ma\/index.php\/wp-json\/wp\/v2\/media?parent=3"}],"curies":[{"name":"wp","href":"https:\/\/api.w.org\/{rel}","templated":true}]}}